{"id":5770,"date":"2024-03-25T15:51:44","date_gmt":"2024-03-25T15:51:44","guid":{"rendered":"https:\/\/www.pretautoquebec.ca\/?page_id=5770"},"modified":"2024-04-06T01:15:08","modified_gmt":"2024-04-06T01:15:08","slug":"auto-car-loan-english-version","status":"publish","type":"page","link":"https:\/\/www.pretautoquebec.ca\/en\/auto-car-loan-english-version\/","title":{"rendered":"Auto Car Loan Calculator (EN)"},"content":{"rendered":"<script>\n        function resizeIframe_st_en_calculator_69f2dceb6a010() {\n            var iframe = document.getElementById('st-car-en-iframe-st_en_calculator_69f2dceb6a010');\n            var additionalHeight = window.innerWidth <= 700 ? 200 : 100; \/\/ Add 30px if the device width is 600px or less\n            iframe.style.height = iframe.contentWindow.document.body.scrollHeight + additionalHeight + 'px';\n        }\n    <\/script>\n    <iframe id=\"st-car-en-iframe-st_en_calculator_69f2dceb6a010\" class=\"st-iframe\" src=\"https:\/\/www.pretautoquebec.ca\/wp-content\/plugins\/st-car-loan-calculators\/calculators\/auto-loan-calculator\/en\/en.html\" width=\"100%\" onload=\"resizeIframe_st_en_calculator_69f2dceb6a010()\" style=\"border: none;\"><\/iframe>","protected":false},"excerpt":{"rendered":"","protected":false},"author":1,"featured_media":0,"parent":0,"menu_order":0,"comment_status":"closed","ping_status":"closed","template":"100-width.php","meta":{"_monsterinsights_skip_tracking":false,"_monsterinsights_sitenote_active":false,"_monsterinsights_sitenote_note":"","_monsterinsights_sitenote_category":0,"footnotes":""},"class_list":["post-5770","page","type-page","status-publish","hentry"],"yoast_head":"<!-- This site is optimized with the Yoast SEO Premium plugin v27.0 (Yoast SEO v27.5) - https:\/\/yoast.com\/product\/yoast-seo-premium-wordpress\/ -->\n<title>Auto Car Loan Calculator (EN) - PR\u00caT AUTO QU\u00c9BEC<\/title>\n<meta name=\"robots\" content=\"index, follow, max-snippet:-1, max-image-preview:large, max-video-preview:-1\" \/>\n<link rel=\"canonical\" href=\"https:\/\/www.pretautoquebec.ca\/en\/auto-car-loan-english-version\/\" \/>\n<meta property=\"og:locale\" content=\"en_US\" \/>\n<meta property=\"og:type\" content=\"article\" \/>\n<meta property=\"og:title\" content=\"Auto Car Loan Calculator (EN)\" \/>\n<meta property=\"og:url\" content=\"https:\/\/www.pretautoquebec.ca\/en\/auto-car-loan-english-version\/\" \/>\n<meta property=\"og:site_name\" content=\"PR\u00caT AUTO QU\u00c9BEC\" \/>\n<meta property=\"article:publisher\" content=\"https:\/\/www.facebook.com\/profile.php?id=100090182529600\" \/>\n<meta property=\"article:modified_time\" content=\"2024-04-06T01:15:08+00:00\" \/>\n<meta name=\"twitter:card\" content=\"summary_large_image\" \/>\n<meta name=\"twitter:site\" content=\"@PretAutoQuebec\" \/>\n<script type=\"application\/ld+json\" class=\"yoast-schema-graph\">{\"@context\":\"https:\\\/\\\/schema.org\",\"@graph\":[{\"@type\":\"WebPage\",\"@id\":\"https:\\\/\\\/www.pretautoquebec.ca\\\/auto-car-loan-english-version\\\/\",\"url\":\"https:\\\/\\\/www.pretautoquebec.ca\\\/auto-car-loan-english-version\\\/\",\"name\":\"Auto Car Loan Calculator (EN) - PR\u00caT AUTO QU\u00c9BEC\",\"isPartOf\":{\"@id\":\"https:\\\/\\\/www.pretautoquebec.ca\\\/#website\"},\"datePublished\":\"2024-03-25T15:51:44+00:00\",\"dateModified\":\"2024-04-06T01:15:08+00:00\",\"breadcrumb\":{\"@id\":\"https:\\\/\\\/www.pretautoquebec.ca\\\/auto-car-loan-english-version\\\/#breadcrumb\"},\"inLanguage\":\"en-CA\",\"potentialAction\":[{\"@type\":\"ReadAction\",\"target\":[\"https:\\\/\\\/www.pretautoquebec.ca\\\/auto-car-loan-english-version\\\/\"]}]},{\"@type\":\"BreadcrumbList\",\"@id\":\"https:\\\/\\\/www.pretautoquebec.ca\\\/auto-car-loan-english-version\\\/#breadcrumb\",\"itemListElement\":[{\"@type\":\"ListItem\",\"position\":1,\"name\":\"Accueil\",\"item\":\"https:\\\/\\\/www.pretautoquebec.ca\\\/\"},{\"@type\":\"ListItem\",\"position\":2,\"name\":\"Auto Car Loan Calculator (EN)\"}]},{\"@type\":\"WebSite\",\"@id\":\"https:\\\/\\\/www.pretautoquebec.ca\\\/#website\",\"url\":\"https:\\\/\\\/www.pretautoquebec.ca\\\/\",\"name\":\"Pr\u00eat Auto Qu\u00e9bec\",\"description\":\"Sp\u00e9cialiste en pr\u00eat auto 1re, 2e, 3e et 4e chance au cr\u00e9dit. Financement maison auto disponible.\",\"publisher\":{\"@id\":\"https:\\\/\\\/www.pretautoquebec.ca\\\/#organization\"},\"alternateName\":\"Pr\u00eat Auto \u00c0 Qu\u00e9bec\",\"potentialAction\":[{\"@type\":\"SearchAction\",\"target\":{\"@type\":\"EntryPoint\",\"urlTemplate\":\"https:\\\/\\\/www.pretautoquebec.ca\\\/?s={search_term_string}\"},\"query-input\":{\"@type\":\"PropertyValueSpecification\",\"valueRequired\":true,\"valueName\":\"search_term_string\"}}],\"inLanguage\":\"en-CA\"},{\"@type\":[\"Organization\",\"Place\",\"FinancialService\"],\"@id\":\"https:\\\/\\\/www.pretautoquebec.ca\\\/#organization\",\"name\":\"Pr\u00eat Auto Qu\u00e9bec\",\"alternateName\":\"Pr\u00eat Auto \u00c0 Qu\u00e9bec\",\"url\":\"https:\\\/\\\/www.pretautoquebec.ca\\\/\",\"logo\":{\"@id\":\"https:\\\/\\\/www.pretautoquebec.ca\\\/auto-car-loan-english-version\\\/#local-main-organization-logo\"},\"image\":{\"@id\":\"https:\\\/\\\/www.pretautoquebec.ca\\\/auto-car-loan-english-version\\\/#local-main-organization-logo\"},\"sameAs\":[\"https:\\\/\\\/www.facebook.com\\\/profile.php?id=100090182529600\",\"https:\\\/\\\/x.com\\\/PretAutoQuebec\",\"https:\\\/\\\/www.instagram.com\\\/pretautoquebec\\\/\",\"https:\\\/\\\/www.youtube.com\\\/channel\\\/UC8a9dOlzqTmZd-wH0r8Wh5g\",\"https:\\\/\\\/www.linkedin.com\\\/in\\\/pr\u00eat-auto-qu\u00e9bec-bbbb1b265\\\/\",\"https:\\\/\\\/www.tiktok.com\\\/@pretautoquebecofficiel\",\"https:\\\/\\\/ca.pinterest.com\\\/PretAutoQuebec\\\/\"],\"address\":{\"@id\":\"https:\\\/\\\/www.pretautoquebec.ca\\\/auto-car-loan-english-version\\\/#local-main-place-address\"},\"geo\":{\"@type\":\"GeoCoordinates\",\"latitude\":\"46.7678123\",\"longitude\":\"-71.2888076\"},\"telephone\":[\"877-338-8113\"],\"contactPoint\":{\"@type\":\"ContactPoint\",\"telephone\":\"877-338-8113\",\"email\":\"info@www.pretautoquebec.ca\"},\"openingHoursSpecification\":{\"@type\":\"OpeningHoursSpecification\",\"dayOfWeek\":[\"Monday\",\"Tuesday\",\"Wednesday\",\"Thursday\",\"Friday\",\"Saturday\",\"Sunday\"],\"opens\":\"00:00\",\"closes\":\"23:59\"},\"email\":\"info@pretautoquebec.ca\",\"areaServed\":\"Quebec\",\"priceRange\":\"$\",\"currenciesAccepted\":\"CAD\"},{\"@type\":\"PostalAddress\",\"@id\":\"https:\\\/\\\/www.pretautoquebec.ca\\\/auto-car-loan-english-version\\\/#local-main-place-address\",\"streetAddress\":\"2828 Boulevard Laurier\",\"addressLocality\":\"Quebec\",\"postalCode\":\"G1V 2M1\",\"addressRegion\":\"Quebec\",\"addressCountry\":\"CA\"},{\"@type\":\"ImageObject\",\"inLanguage\":\"en-CA\",\"@id\":\"https:\\\/\\\/www.pretautoquebec.ca\\\/auto-car-loan-english-version\\\/#local-main-organization-logo\",\"url\":\"https:\\\/\\\/www.pretautoquebec.ca\\\/wp-content\\\/uploads\\\/2025\\\/02\\\/customcolor_icon_customcolor_background.png\",\"contentUrl\":\"https:\\\/\\\/www.pretautoquebec.ca\\\/wp-content\\\/uploads\\\/2025\\\/02\\\/customcolor_icon_customcolor_background.png\",\"width\":1200,\"height\":867,\"caption\":\"Pr\u00eat Auto Qu\u00e9bec\"}]}<\/script>\n<meta name=\"geo.placename\" content=\"Quebec\" \/>\n<meta name=\"geo.position\" content=\"46.7678123;-71.2888076\" \/>\n<meta name=\"geo.region\" content=\"Canada\" \/>\n<!-- \/ Yoast SEO Premium plugin. -->","yoast_head_json":{"title":"Auto Car Loan Calculator (EN) - PR\u00caT AUTO QU\u00c9BEC","robots":{"index":"index","follow":"follow","max-snippet":"max-snippet:-1","max-image-preview":"max-image-preview:large","max-video-preview":"max-video-preview:-1"},"canonical":"https:\/\/www.pretautoquebec.ca\/en\/auto-car-loan-english-version\/","og_locale":"en_US","og_type":"article","og_title":"Auto Car Loan Calculator (EN)","og_url":"https:\/\/www.pretautoquebec.ca\/en\/auto-car-loan-english-version\/","og_site_name":"PR\u00caT AUTO QU\u00c9BEC","article_publisher":"https:\/\/www.facebook.com\/profile.php?id=100090182529600","article_modified_time":"2024-04-06T01:15:08+00:00","twitter_card":"summary_large_image","twitter_site":"@PretAutoQuebec","schema":{"@context":"https:\/\/schema.org","@graph":[{"@type":"WebPage","@id":"https:\/\/www.pretautoquebec.ca\/auto-car-loan-english-version\/","url":"https:\/\/www.pretautoquebec.ca\/auto-car-loan-english-version\/","name":"Auto Car Loan Calculator (EN) - PR\u00caT AUTO QU\u00c9BEC","isPartOf":{"@id":"https:\/\/www.pretautoquebec.ca\/#website"},"datePublished":"2024-03-25T15:51:44+00:00","dateModified":"2024-04-06T01:15:08+00:00","breadcrumb":{"@id":"https:\/\/www.pretautoquebec.ca\/auto-car-loan-english-version\/#breadcrumb"},"inLanguage":"en-CA","potentialAction":[{"@type":"ReadAction","target":["https:\/\/www.pretautoquebec.ca\/auto-car-loan-english-version\/"]}]},{"@type":"BreadcrumbList","@id":"https:\/\/www.pretautoquebec.ca\/auto-car-loan-english-version\/#breadcrumb","itemListElement":[{"@type":"ListItem","position":1,"name":"Accueil","item":"https:\/\/www.pretautoquebec.ca\/"},{"@type":"ListItem","position":2,"name":"Auto Car Loan Calculator (EN)"}]},{"@type":"WebSite","@id":"https:\/\/www.pretautoquebec.ca\/#website","url":"https:\/\/www.pretautoquebec.ca\/","name":"Quebec Auto Loan","description":"Specialist in 1st, 2nd, 3rd and 4th chance auto loans. Home auto financing available.","publisher":{"@id":"https:\/\/www.pretautoquebec.ca\/#organization"},"alternateName":"Pr\u00eat Auto \u00c0 Qu\u00e9bec","potentialAction":[{"@type":"SearchAction","target":{"@type":"EntryPoint","urlTemplate":"https:\/\/www.pretautoquebec.ca\/?s={search_term_string}"},"query-input":{"@type":"PropertyValueSpecification","valueRequired":true,"valueName":"search_term_string"}}],"inLanguage":"en-CA"},{"@type":["Organization","Place","FinancialService"],"@id":"https:\/\/www.pretautoquebec.ca\/#organization","name":"Quebec Auto Loan","alternateName":"Pr\u00eat Auto \u00c0 Qu\u00e9bec","url":"https:\/\/www.pretautoquebec.ca\/","logo":{"@id":"https:\/\/www.pretautoquebec.ca\/auto-car-loan-english-version\/#local-main-organization-logo"},"image":{"@id":"https:\/\/www.pretautoquebec.ca\/auto-car-loan-english-version\/#local-main-organization-logo"},"sameAs":["https:\/\/www.facebook.com\/profile.php?id=100090182529600","https:\/\/x.com\/PretAutoQuebec","https:\/\/www.instagram.com\/pretautoquebec\/","https:\/\/www.youtube.com\/channel\/UC8a9dOlzqTmZd-wH0r8Wh5g","https:\/\/www.linkedin.com\/in\/pr\u00eat-auto-qu\u00e9bec-bbbb1b265\/","https:\/\/www.tiktok.com\/@pretautoquebecofficiel","https:\/\/ca.pinterest.com\/PretAutoQuebec\/"],"address":{"@id":"https:\/\/www.pretautoquebec.ca\/auto-car-loan-english-version\/#local-main-place-address"},"geo":{"@type":"GeoCoordinates","latitude":"46.7678123","longitude":"-71.2888076"},"telephone":["877-338-8113"],"contactPoint":{"@type":"ContactPoint","telephone":"877-338-8113","email":"info@www.pretautoquebec.ca"},"openingHoursSpecification":{"@type":"OpeningHoursSpecification","dayOfWeek":["Monday","Tuesday","Wednesday","Thursday","Friday","Saturday","Sunday"],"opens":"00:00","closes":"23:59"},"email":"info@pretautoquebec.ca","areaServed":"Quebec","priceRange":"$","currenciesAccepted":"CAD"},{"@type":"PostalAddress","@id":"https:\/\/www.pretautoquebec.ca\/auto-car-loan-english-version\/#local-main-place-address","streetAddress":"2828 Boulevard Laurier","addressLocality":"Quebec","postalCode":"G1V 2M1","addressRegion":"Quebec","addressCountry":"CA"},{"@type":"ImageObject","inLanguage":"en-CA","@id":"https:\/\/www.pretautoquebec.ca\/auto-car-loan-english-version\/#local-main-organization-logo","url":"https:\/\/www.pretautoquebec.ca\/wp-content\/uploads\/2025\/02\/customcolor_icon_customcolor_background.png","contentUrl":"https:\/\/www.pretautoquebec.ca\/wp-content\/uploads\/2025\/02\/customcolor_icon_customcolor_background.png","width":1200,"height":867,"caption":"Pr\u00eat Auto Qu\u00e9bec"}]},"geo.placename":"Quebec","geo.position":{"lat":"46.7678123","long":"-71.2888076"},"geo.region":"Canada"},"_links":{"self":[{"href":"https:\/\/www.pretautoquebec.ca\/en\/wp-json\/wp\/v2\/pages\/5770","targetHints":{"allow":["GET"]}}],"collection":[{"href":"https:\/\/www.pretautoquebec.ca\/en\/wp-json\/wp\/v2\/pages"}],"about":[{"href":"https:\/\/www.pretautoquebec.ca\/en\/wp-json\/wp\/v2\/types\/page"}],"author":[{"embeddable":true,"href":"https:\/\/www.pretautoquebec.ca\/en\/wp-json\/wp\/v2\/users\/1"}],"replies":[{"embeddable":true,"href":"https:\/\/www.pretautoquebec.ca\/en\/wp-json\/wp\/v2\/comments?post=5770"}],"version-history":[{"count":1,"href":"https:\/\/www.pretautoquebec.ca\/en\/wp-json\/wp\/v2\/pages\/5770\/revisions"}],"predecessor-version":[{"id":69462,"href":"https:\/\/www.pretautoquebec.ca\/en\/wp-json\/wp\/v2\/pages\/5770\/revisions\/69462"}],"wp:attachment":[{"href":"https:\/\/www.pretautoquebec.ca\/en\/wp-json\/wp\/v2\/media?parent=5770"}],"curies":[{"name":"wp","href":"https:\/\/api.w.org\/{rel}","templated":true}]}}