{"id":223117,"date":"2026-02-19T10:12:44","date_gmt":"2026-02-19T10:12:44","guid":{"rendered":"https:\/\/www.pretautoquebec.ca\/produit\/2025-nissan-kicks-play-kicks-play-sv-ta-7\/"},"modified":"2026-04-17T00:23:00","modified_gmt":"2026-04-17T00:23:00","slug":"2025-nissan-kicks-play-kicks-play-sv-ta-7","status":"publish","type":"product","link":"https:\/\/www.pretautoquebec.ca\/en\/product\/2025-nissan-kicks-play-kicks-play-sv-ta-7\/","title":{"rendered":"Nissan Kicks Play 2025 KICKS PLAY SV TA"},"content":{"rendered":"<p><strong>2025 Nissan Kicks Play KICKS PLAY SV TA \u2013 Un VUS urbain polyvalent en neige fraiche(qm1)<\/strong><\/p>\n<p>Avec seulement 10 km au compteur, c\u2019est une occasion rare d\u2019acqu\u00e9rir un v\u00e9hicule en excellent \u00e9tat, au prix d\u2019un mod\u00e8le d\u2019occasion.<\/p>\n<p>Sa avant assure une conduite stable et rassurante, en ville comme sur l\u2019autoroute. Son moteur \u00e0 essence offre une consommation ma\u00eetris\u00e9e, id\u00e9ale au quotidien.<\/p>\n<p>Finition : ext\u00e9rieur neige fraiche(qm1). Que vous cherchiez votre premier v\u00e9hicule ou un mod\u00e8le pratique et rassurant, ce choix coche toutes les cases : fiabilit\u00e9, faible co\u00fbt d\u2019entretien et look professionnel.<\/p>\n<p>\n<strong>Get<\/strong> your <a href=\"https:\/\/www.pretautoquebec.ca\/en\/pret-auto\/\" target=\"_blank\" rel=\"noopener\">car loan<\/a> in<br \/>\n<a href=\"https:\/\/www.pretautoquebec.ca\/en\/pret-auto\/pret-auto-pour-credit-regulier\/\" target=\"_blank\" rel=\"noopener\">1st chance<\/a>,<br \/>\n<a href=\"https:\/\/www.pretautoquebec.ca\/en\/pret-auto\/pret-auto-deuxieme-chance-au-credit\/\" target=\"_blank\" rel=\"noopener\">2nd chance<\/a>,<br \/>\n<a href=\"https:\/\/www.pretautoquebec.ca\/en\/pret-auto\/pret-auto-troisieme-chance-au-credit\/\" target=\"_blank\" rel=\"noopener\">3rd chance<\/a><br \/>\nAnd <a href=\"https:\/\/www.pretautoquebec.ca\/en\/pret-auto\/pret-auto-quatrieme-chance-au-credit\/\" target=\"_blank\" rel=\"noopener\">4th chance credit<\/a>.<\/p>","protected":false},"excerpt":{"rendered":"<p>2025 Nissan Kicks Play KICKS PLAY SV TA \u2013 Un [&hellip;]<\/p>\n","protected":false},"featured_media":232302,"template":"","meta":{"_monsterinsights_skip_tracking":false,"_monsterinsights_sitenote_active":false,"_monsterinsights_sitenote_note":"","_monsterinsights_sitenote_category":0},"product_brand":[],"product_cat":[67],"product_tag":[],"class_list":{"0":"post-223117","1":"product","2":"type-product","3":"status-publish","4":"has-post-thumbnail","6":"product_cat-uncategorized","8":"first","9":"outofstock","10":"shipping-taxable","11":"purchasable","12":"product-type-simple"},"yoast_head":"<!-- This site is optimized with the Yoast SEO Premium plugin v27.0 (Yoast SEO v27.4) - https:\/\/yoast.com\/product\/yoast-seo-premium-wordpress\/ -->\n<title>Nissan Kicks Play 2025 KICKS PLAY SV TA - PR\u00caT AUTO QU\u00c9BEC<\/title>\n<meta name=\"robots\" content=\"index, follow, max-snippet:-1, max-image-preview:large, max-video-preview:-1\" \/>\n<link rel=\"canonical\" href=\"https:\/\/www.pretautoquebec.ca\/en\/product\/2025-nissan-kicks-play-kicks-play-sv-ta-7\/\" \/>\n<meta property=\"og:locale\" content=\"en_US\" \/>\n<meta property=\"og:type\" content=\"article\" \/>\n<meta property=\"og:title\" content=\"Nissan Kicks Play 2025 KICKS PLAY SV TA\" \/>\n<meta property=\"og:description\" content=\"2025 Nissan Kicks Play KICKS PLAY SV TA \u2013 Un [&hellip;]\" \/>\n<meta property=\"og:url\" content=\"https:\/\/www.pretautoquebec.ca\/en\/product\/2025-nissan-kicks-play-kicks-play-sv-ta-7\/\" \/>\n<meta property=\"og:site_name\" content=\"PR\u00caT AUTO QU\u00c9BEC\" \/>\n<meta property=\"article:publisher\" content=\"https:\/\/www.facebook.com\/profile.php?id=100090182529600\" \/>\n<meta property=\"article:modified_time\" content=\"2026-04-17T00:23:00+00:00\" \/>\n<meta property=\"og:image\" content=\"https:\/\/www.pretautoquebec.ca\/wp-content\/uploads\/2026\/02\/1-326.jpg\" \/>\n\t<meta property=\"og:image:width\" content=\"2100\" \/>\n\t<meta property=\"og:image:height\" content=\"1575\" \/>\n\t<meta property=\"og:image:type\" content=\"image\/jpeg\" \/>\n<meta name=\"twitter:card\" content=\"summary_large_image\" \/>\n<meta name=\"twitter:site\" content=\"@PretAutoQuebec\" \/>\n<meta name=\"twitter:label1\" content=\"Est. reading time\" \/>\n\t<meta name=\"twitter:data1\" content=\"1 minute\" \/>\n<script type=\"application\/ld+json\" class=\"yoast-schema-graph\">{\"@context\":\"https:\\\/\\\/schema.org\",\"@graph\":[{\"@type\":\"WebPage\",\"@id\":\"https:\\\/\\\/www.pretautoquebec.ca\\\/produit\\\/2025-nissan-kicks-play-kicks-play-sv-ta-7\\\/\",\"url\":\"https:\\\/\\\/www.pretautoquebec.ca\\\/produit\\\/2025-nissan-kicks-play-kicks-play-sv-ta-7\\\/\",\"name\":\"Nissan Kicks Play 2025 KICKS PLAY SV TA - PR\u00caT AUTO QU\u00c9BEC\",\"isPartOf\":{\"@id\":\"https:\\\/\\\/www.pretautoquebec.ca\\\/#website\"},\"primaryImageOfPage\":{\"@id\":\"https:\\\/\\\/www.pretautoquebec.ca\\\/produit\\\/2025-nissan-kicks-play-kicks-play-sv-ta-7\\\/#primaryimage\"},\"image\":{\"@id\":\"https:\\\/\\\/www.pretautoquebec.ca\\\/produit\\\/2025-nissan-kicks-play-kicks-play-sv-ta-7\\\/#primaryimage\"},\"thumbnailUrl\":\"https:\\\/\\\/www.pretautoquebec.ca\\\/wp-content\\\/uploads\\\/2026\\\/02\\\/1-326.jpg\",\"datePublished\":\"2026-02-19T10:12:44+00:00\",\"dateModified\":\"2026-04-17T00:23:00+00:00\",\"breadcrumb\":{\"@id\":\"https:\\\/\\\/www.pretautoquebec.ca\\\/produit\\\/2025-nissan-kicks-play-kicks-play-sv-ta-7\\\/#breadcrumb\"},\"inLanguage\":\"en-CA\",\"potentialAction\":[{\"@type\":\"ReadAction\",\"target\":[\"https:\\\/\\\/www.pretautoquebec.ca\\\/produit\\\/2025-nissan-kicks-play-kicks-play-sv-ta-7\\\/\"]}]},{\"@type\":\"ImageObject\",\"inLanguage\":\"en-CA\",\"@id\":\"https:\\\/\\\/www.pretautoquebec.ca\\\/produit\\\/2025-nissan-kicks-play-kicks-play-sv-ta-7\\\/#primaryimage\",\"url\":\"https:\\\/\\\/www.pretautoquebec.ca\\\/wp-content\\\/uploads\\\/2026\\\/02\\\/1-326.jpg\",\"contentUrl\":\"https:\\\/\\\/www.pretautoquebec.ca\\\/wp-content\\\/uploads\\\/2026\\\/02\\\/1-326.jpg\",\"width\":2100,\"height\":1575},{\"@type\":\"BreadcrumbList\",\"@id\":\"https:\\\/\\\/www.pretautoquebec.ca\\\/produit\\\/2025-nissan-kicks-play-kicks-play-sv-ta-7\\\/#breadcrumb\",\"itemListElement\":[{\"@type\":\"ListItem\",\"position\":1,\"name\":\"Accueil\",\"item\":\"https:\\\/\\\/www.pretautoquebec.ca\\\/\"},{\"@type\":\"ListItem\",\"position\":2,\"name\":\"Inventaire\",\"item\":\"https:\\\/\\\/www.pretautoquebec.ca\\\/inventaire-page\\\/\"},{\"@type\":\"ListItem\",\"position\":3,\"name\":\"Nissan Kicks Play 2025 KICKS PLAY SV TA\"}]},{\"@type\":\"WebSite\",\"@id\":\"https:\\\/\\\/www.pretautoquebec.ca\\\/#website\",\"url\":\"https:\\\/\\\/www.pretautoquebec.ca\\\/\",\"name\":\"Pr\u00eat Auto Qu\u00e9bec\",\"description\":\"Sp\u00e9cialiste en pr\u00eat auto 1re, 2e, 3e et 4e chance au cr\u00e9dit. Financement maison auto disponible.\",\"publisher\":{\"@id\":\"https:\\\/\\\/www.pretautoquebec.ca\\\/#organization\"},\"alternateName\":\"Pr\u00eat Auto \u00c0 Qu\u00e9bec\",\"potentialAction\":[{\"@type\":\"SearchAction\",\"target\":{\"@type\":\"EntryPoint\",\"urlTemplate\":\"https:\\\/\\\/www.pretautoquebec.ca\\\/?s={search_term_string}\"},\"query-input\":{\"@type\":\"PropertyValueSpecification\",\"valueRequired\":true,\"valueName\":\"search_term_string\"}}],\"inLanguage\":\"en-CA\"},{\"@type\":[\"Organization\",\"Place\",\"FinancialService\"],\"@id\":\"https:\\\/\\\/www.pretautoquebec.ca\\\/#organization\",\"name\":\"Pr\u00eat Auto Qu\u00e9bec\",\"alternateName\":\"Pr\u00eat Auto \u00c0 Qu\u00e9bec\",\"url\":\"https:\\\/\\\/www.pretautoquebec.ca\\\/\",\"logo\":{\"@id\":\"https:\\\/\\\/www.pretautoquebec.ca\\\/produit\\\/2025-nissan-kicks-play-kicks-play-sv-ta-7\\\/#local-main-organization-logo\"},\"image\":{\"@id\":\"https:\\\/\\\/www.pretautoquebec.ca\\\/produit\\\/2025-nissan-kicks-play-kicks-play-sv-ta-7\\\/#local-main-organization-logo\"},\"sameAs\":[\"https:\\\/\\\/www.facebook.com\\\/profile.php?id=100090182529600\",\"https:\\\/\\\/x.com\\\/PretAutoQuebec\",\"https:\\\/\\\/www.instagram.com\\\/pretautoquebec\\\/\",\"https:\\\/\\\/www.youtube.com\\\/channel\\\/UC8a9dOlzqTmZd-wH0r8Wh5g\",\"https:\\\/\\\/www.linkedin.com\\\/in\\\/pr\u00eat-auto-qu\u00e9bec-bbbb1b265\\\/\",\"https:\\\/\\\/www.tiktok.com\\\/@pretautoquebecofficiel\",\"https:\\\/\\\/ca.pinterest.com\\\/PretAutoQuebec\\\/\"],\"address\":{\"@id\":\"https:\\\/\\\/www.pretautoquebec.ca\\\/produit\\\/2025-nissan-kicks-play-kicks-play-sv-ta-7\\\/#local-main-place-address\"},\"geo\":{\"@type\":\"GeoCoordinates\",\"latitude\":\"46.7678123\",\"longitude\":\"-71.2888076\"},\"telephone\":[\"877-338-8113\"],\"contactPoint\":{\"@type\":\"ContactPoint\",\"telephone\":\"877-338-8113\",\"email\":\"info@www.pretautoquebec.ca\"},\"openingHoursSpecification\":{\"@type\":\"OpeningHoursSpecification\",\"dayOfWeek\":[\"Monday\",\"Tuesday\",\"Wednesday\",\"Thursday\",\"Friday\",\"Saturday\",\"Sunday\"],\"opens\":\"00:00\",\"closes\":\"23:59\"},\"email\":\"info@pretautoquebec.ca\",\"areaServed\":\"Quebec\",\"priceRange\":\"$\",\"currenciesAccepted\":\"CAD\"},{\"@type\":\"PostalAddress\",\"@id\":\"https:\\\/\\\/www.pretautoquebec.ca\\\/produit\\\/2025-nissan-kicks-play-kicks-play-sv-ta-7\\\/#local-main-place-address\",\"streetAddress\":\"2828 Boulevard Laurier\",\"addressLocality\":\"Quebec\",\"postalCode\":\"G1V 2M1\",\"addressRegion\":\"Quebec\",\"addressCountry\":\"CA\"},{\"@type\":\"ImageObject\",\"inLanguage\":\"en-CA\",\"@id\":\"https:\\\/\\\/www.pretautoquebec.ca\\\/produit\\\/2025-nissan-kicks-play-kicks-play-sv-ta-7\\\/#local-main-organization-logo\",\"url\":\"https:\\\/\\\/www.pretautoquebec.ca\\\/wp-content\\\/uploads\\\/2025\\\/02\\\/customcolor_icon_customcolor_background.png\",\"contentUrl\":\"https:\\\/\\\/www.pretautoquebec.ca\\\/wp-content\\\/uploads\\\/2025\\\/02\\\/customcolor_icon_customcolor_background.png\",\"width\":1200,\"height\":867,\"caption\":\"Pr\u00eat Auto Qu\u00e9bec\"}]}<\/script>\n<meta name=\"geo.placename\" content=\"Quebec\" \/>\n<meta name=\"geo.position\" content=\"46.7678123;-71.2888076\" \/>\n<meta name=\"geo.region\" content=\"Canada\" \/>\n<!-- \/ Yoast SEO Premium plugin. -->","yoast_head_json":{"title":"Nissan Kicks Play 2025 KICKS PLAY SV TA - PR\u00caT AUTO QU\u00c9BEC","robots":{"index":"index","follow":"follow","max-snippet":"max-snippet:-1","max-image-preview":"max-image-preview:large","max-video-preview":"max-video-preview:-1"},"canonical":"https:\/\/www.pretautoquebec.ca\/en\/product\/2025-nissan-kicks-play-kicks-play-sv-ta-7\/","og_locale":"en_US","og_type":"article","og_title":"Nissan Kicks Play 2025 KICKS PLAY SV TA","og_description":"2025 Nissan Kicks Play KICKS PLAY SV TA \u2013 Un [&hellip;]","og_url":"https:\/\/www.pretautoquebec.ca\/en\/product\/2025-nissan-kicks-play-kicks-play-sv-ta-7\/","og_site_name":"PR\u00caT AUTO QU\u00c9BEC","article_publisher":"https:\/\/www.facebook.com\/profile.php?id=100090182529600","article_modified_time":"2026-04-17T00:23:00+00:00","og_image":[{"width":2100,"height":1575,"url":"https:\/\/www.pretautoquebec.ca\/wp-content\/uploads\/2026\/02\/1-326.jpg","type":"image\/jpeg"}],"twitter_card":"summary_large_image","twitter_site":"@PretAutoQuebec","twitter_misc":{"Est. reading time":"1 minute"},"schema":{"@context":"https:\/\/schema.org","@graph":[{"@type":"WebPage","@id":"https:\/\/www.pretautoquebec.ca\/produit\/2025-nissan-kicks-play-kicks-play-sv-ta-7\/","url":"https:\/\/www.pretautoquebec.ca\/produit\/2025-nissan-kicks-play-kicks-play-sv-ta-7\/","name":"Nissan Kicks Play 2025 KICKS PLAY SV TA - PR\u00caT AUTO QU\u00c9BEC","isPartOf":{"@id":"https:\/\/www.pretautoquebec.ca\/#website"},"primaryImageOfPage":{"@id":"https:\/\/www.pretautoquebec.ca\/produit\/2025-nissan-kicks-play-kicks-play-sv-ta-7\/#primaryimage"},"image":{"@id":"https:\/\/www.pretautoquebec.ca\/produit\/2025-nissan-kicks-play-kicks-play-sv-ta-7\/#primaryimage"},"thumbnailUrl":"https:\/\/www.pretautoquebec.ca\/wp-content\/uploads\/2026\/02\/1-326.jpg","datePublished":"2026-02-19T10:12:44+00:00","dateModified":"2026-04-17T00:23:00+00:00","breadcrumb":{"@id":"https:\/\/www.pretautoquebec.ca\/produit\/2025-nissan-kicks-play-kicks-play-sv-ta-7\/#breadcrumb"},"inLanguage":"en-CA","potentialAction":[{"@type":"ReadAction","target":["https:\/\/www.pretautoquebec.ca\/produit\/2025-nissan-kicks-play-kicks-play-sv-ta-7\/"]}]},{"@type":"ImageObject","inLanguage":"en-CA","@id":"https:\/\/www.pretautoquebec.ca\/produit\/2025-nissan-kicks-play-kicks-play-sv-ta-7\/#primaryimage","url":"https:\/\/www.pretautoquebec.ca\/wp-content\/uploads\/2026\/02\/1-326.jpg","contentUrl":"https:\/\/www.pretautoquebec.ca\/wp-content\/uploads\/2026\/02\/1-326.jpg","width":2100,"height":1575},{"@type":"BreadcrumbList","@id":"https:\/\/www.pretautoquebec.ca\/produit\/2025-nissan-kicks-play-kicks-play-sv-ta-7\/#breadcrumb","itemListElement":[{"@type":"ListItem","position":1,"name":"Accueil","item":"https:\/\/www.pretautoquebec.ca\/"},{"@type":"ListItem","position":2,"name":"Inventaire","item":"https:\/\/www.pretautoquebec.ca\/inventaire-page\/"},{"@type":"ListItem","position":3,"name":"Nissan Kicks Play 2025 KICKS PLAY SV TA"}]},{"@type":"WebSite","@id":"https:\/\/www.pretautoquebec.ca\/#website","url":"https:\/\/www.pretautoquebec.ca\/","name":"Quebec Auto Loan","description":"Specialist in 1st, 2nd, 3rd and 4th chance auto loans. Home auto financing available.","publisher":{"@id":"https:\/\/www.pretautoquebec.ca\/#organization"},"alternateName":"Pr\u00eat Auto \u00c0 Qu\u00e9bec","potentialAction":[{"@type":"SearchAction","target":{"@type":"EntryPoint","urlTemplate":"https:\/\/www.pretautoquebec.ca\/?s={search_term_string}"},"query-input":{"@type":"PropertyValueSpecification","valueRequired":true,"valueName":"search_term_string"}}],"inLanguage":"en-CA"},{"@type":["Organization","Place","FinancialService"],"@id":"https:\/\/www.pretautoquebec.ca\/#organization","name":"Quebec Auto Loan","alternateName":"Pr\u00eat Auto \u00c0 Qu\u00e9bec","url":"https:\/\/www.pretautoquebec.ca\/","logo":{"@id":"https:\/\/www.pretautoquebec.ca\/produit\/2025-nissan-kicks-play-kicks-play-sv-ta-7\/#local-main-organization-logo"},"image":{"@id":"https:\/\/www.pretautoquebec.ca\/produit\/2025-nissan-kicks-play-kicks-play-sv-ta-7\/#local-main-organization-logo"},"sameAs":["https:\/\/www.facebook.com\/profile.php?id=100090182529600","https:\/\/x.com\/PretAutoQuebec","https:\/\/www.instagram.com\/pretautoquebec\/","https:\/\/www.youtube.com\/channel\/UC8a9dOlzqTmZd-wH0r8Wh5g","https:\/\/www.linkedin.com\/in\/pr\u00eat-auto-qu\u00e9bec-bbbb1b265\/","https:\/\/www.tiktok.com\/@pretautoquebecofficiel","https:\/\/ca.pinterest.com\/PretAutoQuebec\/"],"address":{"@id":"https:\/\/www.pretautoquebec.ca\/produit\/2025-nissan-kicks-play-kicks-play-sv-ta-7\/#local-main-place-address"},"geo":{"@type":"GeoCoordinates","latitude":"46.7678123","longitude":"-71.2888076"},"telephone":["877-338-8113"],"contactPoint":{"@type":"ContactPoint","telephone":"877-338-8113","email":"info@www.pretautoquebec.ca"},"openingHoursSpecification":{"@type":"OpeningHoursSpecification","dayOfWeek":["Monday","Tuesday","Wednesday","Thursday","Friday","Saturday","Sunday"],"opens":"00:00","closes":"23:59"},"email":"info@pretautoquebec.ca","areaServed":"Quebec","priceRange":"$","currenciesAccepted":"CAD"},{"@type":"PostalAddress","@id":"https:\/\/www.pretautoquebec.ca\/produit\/2025-nissan-kicks-play-kicks-play-sv-ta-7\/#local-main-place-address","streetAddress":"2828 Boulevard Laurier","addressLocality":"Quebec","postalCode":"G1V 2M1","addressRegion":"Quebec","addressCountry":"CA"},{"@type":"ImageObject","inLanguage":"en-CA","@id":"https:\/\/www.pretautoquebec.ca\/produit\/2025-nissan-kicks-play-kicks-play-sv-ta-7\/#local-main-organization-logo","url":"https:\/\/www.pretautoquebec.ca\/wp-content\/uploads\/2025\/02\/customcolor_icon_customcolor_background.png","contentUrl":"https:\/\/www.pretautoquebec.ca\/wp-content\/uploads\/2025\/02\/customcolor_icon_customcolor_background.png","width":1200,"height":867,"caption":"Pr\u00eat Auto Qu\u00e9bec"}]},"geo.placename":"Quebec","geo.position":{"lat":"46.7678123","long":"-71.2888076"},"geo.region":"Canada"},"_links":{"self":[{"href":"https:\/\/www.pretautoquebec.ca\/en\/wp-json\/wp\/v2\/product\/223117","targetHints":{"allow":["GET"]}}],"collection":[{"href":"https:\/\/www.pretautoquebec.ca\/en\/wp-json\/wp\/v2\/product"}],"about":[{"href":"https:\/\/www.pretautoquebec.ca\/en\/wp-json\/wp\/v2\/types\/product"}],"wp:featuredmedia":[{"embeddable":true,"href":"https:\/\/www.pretautoquebec.ca\/en\/wp-json\/wp\/v2\/media\/232302"}],"wp:attachment":[{"href":"https:\/\/www.pretautoquebec.ca\/en\/wp-json\/wp\/v2\/media?parent=223117"}],"wp:term":[{"taxonomy":"product_brand","embeddable":true,"href":"https:\/\/www.pretautoquebec.ca\/en\/wp-json\/wp\/v2\/product_brand?post=223117"},{"taxonomy":"product_cat","embeddable":true,"href":"https:\/\/www.pretautoquebec.ca\/en\/wp-json\/wp\/v2\/product_cat?post=223117"},{"taxonomy":"product_tag","embeddable":true,"href":"https:\/\/www.pretautoquebec.ca\/en\/wp-json\/wp\/v2\/product_tag?post=223117"}],"curies":[{"name":"wp","href":"https:\/\/api.w.org\/{rel}","templated":true}]}}