{"id":224257,"date":"2026-02-19T10:49:17","date_gmt":"2026-02-19T10:49:17","guid":{"rendered":"https:\/\/www.pretautoquebec.ca\/produit\/2018-volkswagen-passat-3-6l-v6-gt\/"},"modified":"2026-04-02T15:42:06","modified_gmt":"2026-04-02T15:42:06","slug":"2018-volkswagen-passat-3-6l-v6-gt","status":"publish","type":"product","link":"https:\/\/www.pretautoquebec.ca\/en\/product\/2018-volkswagen-passat-3-6l-v6-gt\/","title":{"rendered":"2018 Volkswagen Passat 3.6L V6 GT"},"content":{"rendered":"<p>Volkswagen Passat 2018, automatique, moteur VR6 de 3.6L, 6 cylindres, mode sport, traction avant, seulement 81 446km, voiture \u00e0 essence. V\u00e9hicule certifier jamais accidenter. \u00c9quiper de: -Bancs chauffants -Bluetooth -Air climatis\u00e9 -Cam\u00e9ra de recule -GPS int\u00e9grer -\u00c9cran tactiles -Toit ouvrant &#8211; Auto Paddle Shift Cette voiture est autant agr\u00e9able \u00e0 loeil qu\u00e0 la conduite! Fiable, mod\u00e8le Allemand, bonne tenue de route, moteur doux, elle offre confort et stabilit\u00e9 sur la route, non seulement est-elle \u00e9l\u00e9gante, mais aussi spacieuse! EN TOUT TEMPS TEL OU TEXTO, HAMID: 418-654-6886 : 418-838-9897 WWW.NORMAUTO.COM Nos sp\u00e9cialistes en financement sont disponibles en tout temps 1re 2e 3e chance au cr\u00e9dit. Aucun cas refus\u00e9. Un vaste inventaire de voitures et camions usag\u00e9s \u00e0 prix imbattable! Tous nos v\u00e9hicules sont inspect\u00e9s v\u00e9rifi\u00e9s garantis et pour votre tranquillit\u00e9 desprit un rapport Carfax vous sera remis. Nous acceptons aussi votre \u00e9change avec plaisir! Nous vous offrons le meilleur service cela vaut le d\u00e9placement! Plus de 25 ans exp\u00e9riences dans le domaine! Adresse : 1699 Boul. Guillaume-Couture L\u00e9vis (Qu\u00e9bec) G6W 0R4 sortie Chemin Du Sault (St-Romuald) \u00e0 5 minutes des ponts de Qu\u00e9bec! MERCI ET AU PLAISIR DE VOUS SERVIR!<\/p>","protected":false},"excerpt":{"rendered":"<p>Volkswagen Passat 2018, automatique, moteur VR6 de 3.6L, 6 cylindres, mode sport, traction avant, seulement 81 446km, voiture \u00e0 essence. V\u00e9hicule certifier jamais accidenter. \u00c9quiper de: -Bancs chauffants -Bluetooth -Air climatis\u00e9 -Cam\u00e9ra de recule -GPS int\u00e9grer -\u00c9cran tactiles -Toit ouvrant\u2026<\/p>","protected":false},"featured_media":224258,"template":"","meta":{"_monsterinsights_skip_tracking":false,"_monsterinsights_sitenote_active":false,"_monsterinsights_sitenote_note":"","_monsterinsights_sitenote_category":0},"product_brand":[],"product_cat":[67],"product_tag":[],"class_list":{"0":"post-224257","1":"product","2":"type-product","3":"status-publish","4":"has-post-thumbnail","6":"product_cat-uncategorized","8":"first","9":"outofstock","10":"shipping-taxable","11":"purchasable","12":"product-type-simple"},"yoast_head":"<!-- This site is optimized with the Yoast SEO Premium plugin v27.0 (Yoast SEO v27.4) - https:\/\/yoast.com\/product\/yoast-seo-premium-wordpress\/ -->\n<title>2018 Volkswagen Passat 3.6L V6 GT - PR\u00caT AUTO QU\u00c9BEC<\/title>\n<meta name=\"robots\" content=\"index, follow, max-snippet:-1, max-image-preview:large, max-video-preview:-1\" \/>\n<link rel=\"canonical\" href=\"https:\/\/www.pretautoquebec.ca\/en\/product\/2018-volkswagen-passat-3-6l-v6-gt\/\" \/>\n<meta property=\"og:locale\" content=\"en_US\" \/>\n<meta property=\"og:type\" content=\"article\" \/>\n<meta property=\"og:title\" content=\"2018 Volkswagen Passat 3.6L V6 GT\" \/>\n<meta property=\"og:description\" content=\"Volkswagen Passat 2018, automatique, moteur VR6 de 3.6L, 6 cylindres, mode sport, traction avant, seulement 81 446km, voiture \u00e0 essence. V\u00e9hicule certifier jamais accidenter. \u00c9quiper de: -Bancs chauffants -Bluetooth -Air climatis\u00e9 -Cam\u00e9ra de recule -GPS int\u00e9grer -\u00c9cran tactiles -Toit ouvrant\u2026\" \/>\n<meta property=\"og:url\" content=\"https:\/\/www.pretautoquebec.ca\/en\/product\/2018-volkswagen-passat-3-6l-v6-gt\/\" \/>\n<meta property=\"og:site_name\" content=\"PR\u00caT AUTO QU\u00c9BEC\" \/>\n<meta property=\"article:publisher\" content=\"https:\/\/www.facebook.com\/profile.php?id=100090182529600\" \/>\n<meta property=\"article:modified_time\" content=\"2026-04-02T15:42:06+00:00\" \/>\n<meta property=\"og:image\" content=\"https:\/\/www.pretautoquebec.ca\/wp-content\/uploads\/2026\/02\/1770140938829-110492199-1.jpeg\" \/>\n\t<meta property=\"og:image:width\" content=\"1600\" \/>\n\t<meta property=\"og:image:height\" content=\"1200\" \/>\n\t<meta property=\"og:image:type\" content=\"image\/jpeg\" \/>\n<meta name=\"twitter:card\" content=\"summary_large_image\" \/>\n<meta name=\"twitter:site\" content=\"@PretAutoQuebec\" \/>\n<meta name=\"twitter:label1\" content=\"Est. reading time\" \/>\n\t<meta name=\"twitter:data1\" content=\"1 minute\" \/>\n<script type=\"application\/ld+json\" class=\"yoast-schema-graph\">{\"@context\":\"https:\\\/\\\/schema.org\",\"@graph\":[{\"@type\":\"WebPage\",\"@id\":\"https:\\\/\\\/www.pretautoquebec.ca\\\/produit\\\/2018-volkswagen-passat-3-6l-v6-gt\\\/\",\"url\":\"https:\\\/\\\/www.pretautoquebec.ca\\\/produit\\\/2018-volkswagen-passat-3-6l-v6-gt\\\/\",\"name\":\"2018 Volkswagen Passat 3.6L V6 GT - PR\u00caT AUTO QU\u00c9BEC\",\"isPartOf\":{\"@id\":\"https:\\\/\\\/www.pretautoquebec.ca\\\/#website\"},\"primaryImageOfPage\":{\"@id\":\"https:\\\/\\\/www.pretautoquebec.ca\\\/produit\\\/2018-volkswagen-passat-3-6l-v6-gt\\\/#primaryimage\"},\"image\":{\"@id\":\"https:\\\/\\\/www.pretautoquebec.ca\\\/produit\\\/2018-volkswagen-passat-3-6l-v6-gt\\\/#primaryimage\"},\"thumbnailUrl\":\"https:\\\/\\\/www.pretautoquebec.ca\\\/wp-content\\\/uploads\\\/2026\\\/02\\\/1770140938829-110492199-1.jpeg\",\"datePublished\":\"2026-02-19T10:49:17+00:00\",\"dateModified\":\"2026-04-02T15:42:06+00:00\",\"breadcrumb\":{\"@id\":\"https:\\\/\\\/www.pretautoquebec.ca\\\/produit\\\/2018-volkswagen-passat-3-6l-v6-gt\\\/#breadcrumb\"},\"inLanguage\":\"en-CA\",\"potentialAction\":[{\"@type\":\"ReadAction\",\"target\":[\"https:\\\/\\\/www.pretautoquebec.ca\\\/produit\\\/2018-volkswagen-passat-3-6l-v6-gt\\\/\"]}]},{\"@type\":\"ImageObject\",\"inLanguage\":\"en-CA\",\"@id\":\"https:\\\/\\\/www.pretautoquebec.ca\\\/produit\\\/2018-volkswagen-passat-3-6l-v6-gt\\\/#primaryimage\",\"url\":\"https:\\\/\\\/www.pretautoquebec.ca\\\/wp-content\\\/uploads\\\/2026\\\/02\\\/1770140938829-110492199-1.jpeg\",\"contentUrl\":\"https:\\\/\\\/www.pretautoquebec.ca\\\/wp-content\\\/uploads\\\/2026\\\/02\\\/1770140938829-110492199-1.jpeg\",\"width\":1600,\"height\":1200},{\"@type\":\"BreadcrumbList\",\"@id\":\"https:\\\/\\\/www.pretautoquebec.ca\\\/produit\\\/2018-volkswagen-passat-3-6l-v6-gt\\\/#breadcrumb\",\"itemListElement\":[{\"@type\":\"ListItem\",\"position\":1,\"name\":\"Accueil\",\"item\":\"https:\\\/\\\/www.pretautoquebec.ca\\\/\"},{\"@type\":\"ListItem\",\"position\":2,\"name\":\"Inventaire\",\"item\":\"https:\\\/\\\/www.pretautoquebec.ca\\\/inventaire-page\\\/\"},{\"@type\":\"ListItem\",\"position\":3,\"name\":\"2018 Volkswagen Passat 3.6L V6 GT\"}]},{\"@type\":\"WebSite\",\"@id\":\"https:\\\/\\\/www.pretautoquebec.ca\\\/#website\",\"url\":\"https:\\\/\\\/www.pretautoquebec.ca\\\/\",\"name\":\"Pr\u00eat Auto Qu\u00e9bec\",\"description\":\"Sp\u00e9cialiste en pr\u00eat auto 1re, 2e, 3e et 4e chance au cr\u00e9dit. Financement maison auto disponible.\",\"publisher\":{\"@id\":\"https:\\\/\\\/www.pretautoquebec.ca\\\/#organization\"},\"alternateName\":\"Pr\u00eat Auto \u00c0 Qu\u00e9bec\",\"potentialAction\":[{\"@type\":\"SearchAction\",\"target\":{\"@type\":\"EntryPoint\",\"urlTemplate\":\"https:\\\/\\\/www.pretautoquebec.ca\\\/?s={search_term_string}\"},\"query-input\":{\"@type\":\"PropertyValueSpecification\",\"valueRequired\":true,\"valueName\":\"search_term_string\"}}],\"inLanguage\":\"en-CA\"},{\"@type\":[\"Organization\",\"Place\",\"FinancialService\"],\"@id\":\"https:\\\/\\\/www.pretautoquebec.ca\\\/#organization\",\"name\":\"Pr\u00eat Auto Qu\u00e9bec\",\"alternateName\":\"Pr\u00eat Auto \u00c0 Qu\u00e9bec\",\"url\":\"https:\\\/\\\/www.pretautoquebec.ca\\\/\",\"logo\":{\"@id\":\"https:\\\/\\\/www.pretautoquebec.ca\\\/produit\\\/2018-volkswagen-passat-3-6l-v6-gt\\\/#local-main-organization-logo\"},\"image\":{\"@id\":\"https:\\\/\\\/www.pretautoquebec.ca\\\/produit\\\/2018-volkswagen-passat-3-6l-v6-gt\\\/#local-main-organization-logo\"},\"sameAs\":[\"https:\\\/\\\/www.facebook.com\\\/profile.php?id=100090182529600\",\"https:\\\/\\\/x.com\\\/PretAutoQuebec\",\"https:\\\/\\\/www.instagram.com\\\/pretautoquebec\\\/\",\"https:\\\/\\\/www.youtube.com\\\/channel\\\/UC8a9dOlzqTmZd-wH0r8Wh5g\",\"https:\\\/\\\/www.linkedin.com\\\/in\\\/pr\u00eat-auto-qu\u00e9bec-bbbb1b265\\\/\",\"https:\\\/\\\/www.tiktok.com\\\/@pretautoquebecofficiel\",\"https:\\\/\\\/ca.pinterest.com\\\/PretAutoQuebec\\\/\"],\"address\":{\"@id\":\"https:\\\/\\\/www.pretautoquebec.ca\\\/produit\\\/2018-volkswagen-passat-3-6l-v6-gt\\\/#local-main-place-address\"},\"geo\":{\"@type\":\"GeoCoordinates\",\"latitude\":\"46.7678123\",\"longitude\":\"-71.2888076\"},\"telephone\":[\"877-338-8113\"],\"contactPoint\":{\"@type\":\"ContactPoint\",\"telephone\":\"877-338-8113\",\"email\":\"info@www.pretautoquebec.ca\"},\"openingHoursSpecification\":{\"@type\":\"OpeningHoursSpecification\",\"dayOfWeek\":[\"Monday\",\"Tuesday\",\"Wednesday\",\"Thursday\",\"Friday\",\"Saturday\",\"Sunday\"],\"opens\":\"00:00\",\"closes\":\"23:59\"},\"email\":\"info@pretautoquebec.ca\",\"areaServed\":\"Quebec\",\"priceRange\":\"$\",\"currenciesAccepted\":\"CAD\"},{\"@type\":\"PostalAddress\",\"@id\":\"https:\\\/\\\/www.pretautoquebec.ca\\\/produit\\\/2018-volkswagen-passat-3-6l-v6-gt\\\/#local-main-place-address\",\"streetAddress\":\"2828 Boulevard Laurier\",\"addressLocality\":\"Quebec\",\"postalCode\":\"G1V 2M1\",\"addressRegion\":\"Quebec\",\"addressCountry\":\"CA\"},{\"@type\":\"ImageObject\",\"inLanguage\":\"en-CA\",\"@id\":\"https:\\\/\\\/www.pretautoquebec.ca\\\/produit\\\/2018-volkswagen-passat-3-6l-v6-gt\\\/#local-main-organization-logo\",\"url\":\"https:\\\/\\\/www.pretautoquebec.ca\\\/wp-content\\\/uploads\\\/2025\\\/02\\\/customcolor_icon_customcolor_background.png\",\"contentUrl\":\"https:\\\/\\\/www.pretautoquebec.ca\\\/wp-content\\\/uploads\\\/2025\\\/02\\\/customcolor_icon_customcolor_background.png\",\"width\":1200,\"height\":867,\"caption\":\"Pr\u00eat Auto Qu\u00e9bec\"}]}<\/script>\n<meta name=\"geo.placename\" content=\"Quebec\" \/>\n<meta name=\"geo.position\" content=\"46.7678123;-71.2888076\" \/>\n<meta name=\"geo.region\" content=\"Canada\" \/>\n<!-- \/ Yoast SEO Premium plugin. -->","yoast_head_json":{"title":"2018 Volkswagen Passat 3.6L V6 GT - PR\u00caT AUTO QU\u00c9BEC","robots":{"index":"index","follow":"follow","max-snippet":"max-snippet:-1","max-image-preview":"max-image-preview:large","max-video-preview":"max-video-preview:-1"},"canonical":"https:\/\/www.pretautoquebec.ca\/en\/product\/2018-volkswagen-passat-3-6l-v6-gt\/","og_locale":"en_US","og_type":"article","og_title":"2018 Volkswagen Passat 3.6L V6 GT","og_description":"Volkswagen Passat 2018, automatique, moteur VR6 de 3.6L, 6 cylindres, mode sport, traction avant, seulement 81 446km, voiture \u00e0 essence. V\u00e9hicule certifier jamais accidenter. \u00c9quiper de: -Bancs chauffants -Bluetooth -Air climatis\u00e9 -Cam\u00e9ra de recule -GPS int\u00e9grer -\u00c9cran tactiles -Toit ouvrant\u2026","og_url":"https:\/\/www.pretautoquebec.ca\/en\/product\/2018-volkswagen-passat-3-6l-v6-gt\/","og_site_name":"PR\u00caT AUTO QU\u00c9BEC","article_publisher":"https:\/\/www.facebook.com\/profile.php?id=100090182529600","article_modified_time":"2026-04-02T15:42:06+00:00","og_image":[{"width":1600,"height":1200,"url":"https:\/\/www.pretautoquebec.ca\/wp-content\/uploads\/2026\/02\/1770140938829-110492199-1.jpeg","type":"image\/jpeg"}],"twitter_card":"summary_large_image","twitter_site":"@PretAutoQuebec","twitter_misc":{"Est. reading time":"1 minute"},"schema":{"@context":"https:\/\/schema.org","@graph":[{"@type":"WebPage","@id":"https:\/\/www.pretautoquebec.ca\/produit\/2018-volkswagen-passat-3-6l-v6-gt\/","url":"https:\/\/www.pretautoquebec.ca\/produit\/2018-volkswagen-passat-3-6l-v6-gt\/","name":"2018 Volkswagen Passat 3.6L V6 GT - PR\u00caT AUTO QU\u00c9BEC","isPartOf":{"@id":"https:\/\/www.pretautoquebec.ca\/#website"},"primaryImageOfPage":{"@id":"https:\/\/www.pretautoquebec.ca\/produit\/2018-volkswagen-passat-3-6l-v6-gt\/#primaryimage"},"image":{"@id":"https:\/\/www.pretautoquebec.ca\/produit\/2018-volkswagen-passat-3-6l-v6-gt\/#primaryimage"},"thumbnailUrl":"https:\/\/www.pretautoquebec.ca\/wp-content\/uploads\/2026\/02\/1770140938829-110492199-1.jpeg","datePublished":"2026-02-19T10:49:17+00:00","dateModified":"2026-04-02T15:42:06+00:00","breadcrumb":{"@id":"https:\/\/www.pretautoquebec.ca\/produit\/2018-volkswagen-passat-3-6l-v6-gt\/#breadcrumb"},"inLanguage":"en-CA","potentialAction":[{"@type":"ReadAction","target":["https:\/\/www.pretautoquebec.ca\/produit\/2018-volkswagen-passat-3-6l-v6-gt\/"]}]},{"@type":"ImageObject","inLanguage":"en-CA","@id":"https:\/\/www.pretautoquebec.ca\/produit\/2018-volkswagen-passat-3-6l-v6-gt\/#primaryimage","url":"https:\/\/www.pretautoquebec.ca\/wp-content\/uploads\/2026\/02\/1770140938829-110492199-1.jpeg","contentUrl":"https:\/\/www.pretautoquebec.ca\/wp-content\/uploads\/2026\/02\/1770140938829-110492199-1.jpeg","width":1600,"height":1200},{"@type":"BreadcrumbList","@id":"https:\/\/www.pretautoquebec.ca\/produit\/2018-volkswagen-passat-3-6l-v6-gt\/#breadcrumb","itemListElement":[{"@type":"ListItem","position":1,"name":"Accueil","item":"https:\/\/www.pretautoquebec.ca\/"},{"@type":"ListItem","position":2,"name":"Inventaire","item":"https:\/\/www.pretautoquebec.ca\/inventaire-page\/"},{"@type":"ListItem","position":3,"name":"2018 Volkswagen Passat 3.6L V6 GT"}]},{"@type":"WebSite","@id":"https:\/\/www.pretautoquebec.ca\/#website","url":"https:\/\/www.pretautoquebec.ca\/","name":"Quebec Auto Loan","description":"Specialist in 1st, 2nd, 3rd and 4th chance auto loans. Home auto financing available.","publisher":{"@id":"https:\/\/www.pretautoquebec.ca\/#organization"},"alternateName":"Pr\u00eat Auto \u00c0 Qu\u00e9bec","potentialAction":[{"@type":"SearchAction","target":{"@type":"EntryPoint","urlTemplate":"https:\/\/www.pretautoquebec.ca\/?s={search_term_string}"},"query-input":{"@type":"PropertyValueSpecification","valueRequired":true,"valueName":"search_term_string"}}],"inLanguage":"en-CA"},{"@type":["Organization","Place","FinancialService"],"@id":"https:\/\/www.pretautoquebec.ca\/#organization","name":"Quebec Auto Loan","alternateName":"Pr\u00eat Auto \u00c0 Qu\u00e9bec","url":"https:\/\/www.pretautoquebec.ca\/","logo":{"@id":"https:\/\/www.pretautoquebec.ca\/produit\/2018-volkswagen-passat-3-6l-v6-gt\/#local-main-organization-logo"},"image":{"@id":"https:\/\/www.pretautoquebec.ca\/produit\/2018-volkswagen-passat-3-6l-v6-gt\/#local-main-organization-logo"},"sameAs":["https:\/\/www.facebook.com\/profile.php?id=100090182529600","https:\/\/x.com\/PretAutoQuebec","https:\/\/www.instagram.com\/pretautoquebec\/","https:\/\/www.youtube.com\/channel\/UC8a9dOlzqTmZd-wH0r8Wh5g","https:\/\/www.linkedin.com\/in\/pr\u00eat-auto-qu\u00e9bec-bbbb1b265\/","https:\/\/www.tiktok.com\/@pretautoquebecofficiel","https:\/\/ca.pinterest.com\/PretAutoQuebec\/"],"address":{"@id":"https:\/\/www.pretautoquebec.ca\/produit\/2018-volkswagen-passat-3-6l-v6-gt\/#local-main-place-address"},"geo":{"@type":"GeoCoordinates","latitude":"46.7678123","longitude":"-71.2888076"},"telephone":["877-338-8113"],"contactPoint":{"@type":"ContactPoint","telephone":"877-338-8113","email":"info@www.pretautoquebec.ca"},"openingHoursSpecification":{"@type":"OpeningHoursSpecification","dayOfWeek":["Monday","Tuesday","Wednesday","Thursday","Friday","Saturday","Sunday"],"opens":"00:00","closes":"23:59"},"email":"info@pretautoquebec.ca","areaServed":"Quebec","priceRange":"$","currenciesAccepted":"CAD"},{"@type":"PostalAddress","@id":"https:\/\/www.pretautoquebec.ca\/produit\/2018-volkswagen-passat-3-6l-v6-gt\/#local-main-place-address","streetAddress":"2828 Boulevard Laurier","addressLocality":"Quebec","postalCode":"G1V 2M1","addressRegion":"Quebec","addressCountry":"CA"},{"@type":"ImageObject","inLanguage":"en-CA","@id":"https:\/\/www.pretautoquebec.ca\/produit\/2018-volkswagen-passat-3-6l-v6-gt\/#local-main-organization-logo","url":"https:\/\/www.pretautoquebec.ca\/wp-content\/uploads\/2025\/02\/customcolor_icon_customcolor_background.png","contentUrl":"https:\/\/www.pretautoquebec.ca\/wp-content\/uploads\/2025\/02\/customcolor_icon_customcolor_background.png","width":1200,"height":867,"caption":"Pr\u00eat Auto Qu\u00e9bec"}]},"geo.placename":"Quebec","geo.position":{"lat":"46.7678123","long":"-71.2888076"},"geo.region":"Canada"},"_links":{"self":[{"href":"https:\/\/www.pretautoquebec.ca\/en\/wp-json\/wp\/v2\/product\/224257","targetHints":{"allow":["GET"]}}],"collection":[{"href":"https:\/\/www.pretautoquebec.ca\/en\/wp-json\/wp\/v2\/product"}],"about":[{"href":"https:\/\/www.pretautoquebec.ca\/en\/wp-json\/wp\/v2\/types\/product"}],"wp:featuredmedia":[{"embeddable":true,"href":"https:\/\/www.pretautoquebec.ca\/en\/wp-json\/wp\/v2\/media\/224258"}],"wp:attachment":[{"href":"https:\/\/www.pretautoquebec.ca\/en\/wp-json\/wp\/v2\/media?parent=224257"}],"wp:term":[{"taxonomy":"product_brand","embeddable":true,"href":"https:\/\/www.pretautoquebec.ca\/en\/wp-json\/wp\/v2\/product_brand?post=224257"},{"taxonomy":"product_cat","embeddable":true,"href":"https:\/\/www.pretautoquebec.ca\/en\/wp-json\/wp\/v2\/product_cat?post=224257"},{"taxonomy":"product_tag","embeddable":true,"href":"https:\/\/www.pretautoquebec.ca\/en\/wp-json\/wp\/v2\/product_tag?post=224257"}],"curies":[{"name":"wp","href":"https:\/\/api.w.org\/{rel}","templated":true}]}}