{"id":225054,"date":"2026-02-20T17:02:40","date_gmt":"2026-02-20T17:02:40","guid":{"rendered":"https:\/\/www.pretautoquebec.ca\/produit\/2022-ford-edge-sel\/"},"modified":"2026-04-02T15:42:01","modified_gmt":"2026-04-02T15:42:01","slug":"2022-ford-edge-sel","status":"publish","type":"product","link":"https:\/\/www.pretautoquebec.ca\/en\/product\/2022-ford-edge-sel\/","title":{"rendered":"2022 Ford Edge SEL"},"content":{"rendered":"<p>2022 Ford Edge SEL AWD, traction int\u00e9grale (AWD), moteur de 2.0L 4 cylindres EcoBoost, seulement 42 548km, automatique. Une voiture qui semble luxueuse, mais qui est tr\u00e8s abordable chez nous! Venez vous g\u00e2ter chez NormAuto! Celle-ci est \u00e9quiper de: &#8211; Vitres et miroirs automatiques &#8211; Lumi\u00e8re automatique &#8211; Bouton dassistance pour ouvrir et fermer le coffre &#8211; Assistance de maintien de voie &#8211; Cruise control &#8211; Commandes audios au volant &#8211; Bancs chauffants &#8211; A\/C et chauffage &#8211; GPS int\u00e9grer &#8211; \u00c9cran tactile comportant multi-services et applications &#8211; Roulette de conduite (Park, reculons, neutre, drive et super) &#8211; Cam\u00e9ra de recule &#8211; Bluetooth Cela vous int\u00e9resse? EN TOUT TEMPS TEL OU TEXTO: HAMID: 418-654-6886 : 418-838-9897 WWW.NORMAUTOCREDIT.CA Nos sp\u00e9cialistes en financement sont disponibles en tout temps 1re 2e 3e chance au cr\u00e9dit. Aucun cas refus\u00e9. Un vaste inventaire de voitures et camions usag\u00e9s \u00e0 prix imbattable! Tous nos v\u00e9hicules sont inspect\u00e9s v\u00e9rifi\u00e9s garantis et pour votre tranquillit\u00e9 desprit un rapport Carfax vous sera remis. Nous acceptons aussi votre \u00e9change avec plaisir! Nous vous offrons le meilleur service cela vaut le d\u00e9placement! Plus de 25 ans exp\u00e9riences dans le domaine! Adresse : 1699 Boul. Guillaume-Couture L\u00e9vis (Qu\u00e9bec) G6W 0R4 sortie Chemin Du Sault (St-Romuald) \u00e0 5 minutes des ponts de Qu\u00e9bec! MERCI ET AU PLAISIR DE VOUS SERVIR!<\/p>","protected":false},"excerpt":{"rendered":"<p>2022 Ford Edge SEL AWD, traction int\u00e9grale (AWD), moteur de 2.0L 4 cylindres EcoBoost, seulement 42 548km, automatique. Une voiture qui semble luxueuse, mais qui est tr\u00e8s abordable chez nous! Venez vous g\u00e2ter chez NormAuto! Celle-ci est \u00e9quiper de: -\u2026<\/p>","protected":false},"featured_media":225055,"template":"","meta":{"_monsterinsights_skip_tracking":false,"_monsterinsights_sitenote_active":false,"_monsterinsights_sitenote_note":"","_monsterinsights_sitenote_category":0},"product_brand":[],"product_cat":[67],"product_tag":[],"class_list":{"0":"post-225054","1":"product","2":"type-product","3":"status-publish","4":"has-post-thumbnail","6":"product_cat-uncategorized","8":"first","9":"outofstock","10":"shipping-taxable","11":"purchasable","12":"product-type-simple"},"yoast_head":"<!-- This site is optimized with the Yoast SEO Premium plugin v27.0 (Yoast SEO v27.4) - https:\/\/yoast.com\/product\/yoast-seo-premium-wordpress\/ -->\n<title>2022 Ford Edge SEL - PR\u00caT AUTO QU\u00c9BEC<\/title>\n<meta name=\"robots\" content=\"index, follow, max-snippet:-1, max-image-preview:large, max-video-preview:-1\" \/>\n<link rel=\"canonical\" href=\"https:\/\/www.pretautoquebec.ca\/en\/product\/2022-ford-edge-sel\/\" \/>\n<meta property=\"og:locale\" content=\"en_US\" \/>\n<meta property=\"og:type\" content=\"article\" \/>\n<meta property=\"og:title\" content=\"2022 Ford Edge SEL\" \/>\n<meta property=\"og:description\" content=\"2022 Ford Edge SEL AWD, traction int\u00e9grale (AWD), moteur de 2.0L 4 cylindres EcoBoost, seulement 42 548km, automatique. Une voiture qui semble luxueuse, mais qui est tr\u00e8s abordable chez nous! Venez vous g\u00e2ter chez NormAuto! Celle-ci est \u00e9quiper de: -\u2026\" \/>\n<meta property=\"og:url\" content=\"https:\/\/www.pretautoquebec.ca\/en\/product\/2022-ford-edge-sel\/\" \/>\n<meta property=\"og:site_name\" content=\"PR\u00caT AUTO QU\u00c9BEC\" \/>\n<meta property=\"article:publisher\" content=\"https:\/\/www.facebook.com\/profile.php?id=100090182529600\" \/>\n<meta property=\"article:modified_time\" content=\"2026-04-02T15:42:01+00:00\" \/>\n<meta property=\"og:image\" content=\"https:\/\/www.pretautoquebec.ca\/wp-content\/uploads\/2026\/02\/1771536150603-242741488-scaled.jpeg\" \/>\n\t<meta property=\"og:image:width\" content=\"2560\" \/>\n\t<meta property=\"og:image:height\" content=\"1920\" \/>\n\t<meta property=\"og:image:type\" content=\"image\/jpeg\" \/>\n<meta name=\"twitter:card\" content=\"summary_large_image\" \/>\n<meta name=\"twitter:site\" content=\"@PretAutoQuebec\" \/>\n<meta name=\"twitter:label1\" content=\"Est. reading time\" \/>\n\t<meta name=\"twitter:data1\" content=\"1 minute\" \/>\n<script type=\"application\/ld+json\" class=\"yoast-schema-graph\">{\"@context\":\"https:\\\/\\\/schema.org\",\"@graph\":[{\"@type\":\"WebPage\",\"@id\":\"https:\\\/\\\/www.pretautoquebec.ca\\\/produit\\\/2022-ford-edge-sel\\\/\",\"url\":\"https:\\\/\\\/www.pretautoquebec.ca\\\/produit\\\/2022-ford-edge-sel\\\/\",\"name\":\"2022 Ford Edge SEL - PR\u00caT AUTO QU\u00c9BEC\",\"isPartOf\":{\"@id\":\"https:\\\/\\\/www.pretautoquebec.ca\\\/#website\"},\"primaryImageOfPage\":{\"@id\":\"https:\\\/\\\/www.pretautoquebec.ca\\\/produit\\\/2022-ford-edge-sel\\\/#primaryimage\"},\"image\":{\"@id\":\"https:\\\/\\\/www.pretautoquebec.ca\\\/produit\\\/2022-ford-edge-sel\\\/#primaryimage\"},\"thumbnailUrl\":\"https:\\\/\\\/www.pretautoquebec.ca\\\/wp-content\\\/uploads\\\/2026\\\/02\\\/1771536150603-242741488-scaled.jpeg\",\"datePublished\":\"2026-02-20T17:02:40+00:00\",\"dateModified\":\"2026-04-02T15:42:01+00:00\",\"breadcrumb\":{\"@id\":\"https:\\\/\\\/www.pretautoquebec.ca\\\/produit\\\/2022-ford-edge-sel\\\/#breadcrumb\"},\"inLanguage\":\"en-CA\",\"potentialAction\":[{\"@type\":\"ReadAction\",\"target\":[\"https:\\\/\\\/www.pretautoquebec.ca\\\/produit\\\/2022-ford-edge-sel\\\/\"]}]},{\"@type\":\"ImageObject\",\"inLanguage\":\"en-CA\",\"@id\":\"https:\\\/\\\/www.pretautoquebec.ca\\\/produit\\\/2022-ford-edge-sel\\\/#primaryimage\",\"url\":\"https:\\\/\\\/www.pretautoquebec.ca\\\/wp-content\\\/uploads\\\/2026\\\/02\\\/1771536150603-242741488-scaled.jpeg\",\"contentUrl\":\"https:\\\/\\\/www.pretautoquebec.ca\\\/wp-content\\\/uploads\\\/2026\\\/02\\\/1771536150603-242741488-scaled.jpeg\",\"width\":2560,\"height\":1920},{\"@type\":\"BreadcrumbList\",\"@id\":\"https:\\\/\\\/www.pretautoquebec.ca\\\/produit\\\/2022-ford-edge-sel\\\/#breadcrumb\",\"itemListElement\":[{\"@type\":\"ListItem\",\"position\":1,\"name\":\"Accueil\",\"item\":\"https:\\\/\\\/www.pretautoquebec.ca\\\/\"},{\"@type\":\"ListItem\",\"position\":2,\"name\":\"Inventaire\",\"item\":\"https:\\\/\\\/www.pretautoquebec.ca\\\/inventaire-page\\\/\"},{\"@type\":\"ListItem\",\"position\":3,\"name\":\"2022 Ford Edge SEL\"}]},{\"@type\":\"WebSite\",\"@id\":\"https:\\\/\\\/www.pretautoquebec.ca\\\/#website\",\"url\":\"https:\\\/\\\/www.pretautoquebec.ca\\\/\",\"name\":\"Pr\u00eat Auto Qu\u00e9bec\",\"description\":\"Sp\u00e9cialiste en pr\u00eat auto 1re, 2e, 3e et 4e chance au cr\u00e9dit. Financement maison auto disponible.\",\"publisher\":{\"@id\":\"https:\\\/\\\/www.pretautoquebec.ca\\\/#organization\"},\"alternateName\":\"Pr\u00eat Auto \u00c0 Qu\u00e9bec\",\"potentialAction\":[{\"@type\":\"SearchAction\",\"target\":{\"@type\":\"EntryPoint\",\"urlTemplate\":\"https:\\\/\\\/www.pretautoquebec.ca\\\/?s={search_term_string}\"},\"query-input\":{\"@type\":\"PropertyValueSpecification\",\"valueRequired\":true,\"valueName\":\"search_term_string\"}}],\"inLanguage\":\"en-CA\"},{\"@type\":[\"Organization\",\"Place\",\"FinancialService\"],\"@id\":\"https:\\\/\\\/www.pretautoquebec.ca\\\/#organization\",\"name\":\"Pr\u00eat Auto Qu\u00e9bec\",\"alternateName\":\"Pr\u00eat Auto \u00c0 Qu\u00e9bec\",\"url\":\"https:\\\/\\\/www.pretautoquebec.ca\\\/\",\"logo\":{\"@id\":\"https:\\\/\\\/www.pretautoquebec.ca\\\/produit\\\/2022-ford-edge-sel\\\/#local-main-organization-logo\"},\"image\":{\"@id\":\"https:\\\/\\\/www.pretautoquebec.ca\\\/produit\\\/2022-ford-edge-sel\\\/#local-main-organization-logo\"},\"sameAs\":[\"https:\\\/\\\/www.facebook.com\\\/profile.php?id=100090182529600\",\"https:\\\/\\\/x.com\\\/PretAutoQuebec\",\"https:\\\/\\\/www.instagram.com\\\/pretautoquebec\\\/\",\"https:\\\/\\\/www.youtube.com\\\/channel\\\/UC8a9dOlzqTmZd-wH0r8Wh5g\",\"https:\\\/\\\/www.linkedin.com\\\/in\\\/pr\u00eat-auto-qu\u00e9bec-bbbb1b265\\\/\",\"https:\\\/\\\/www.tiktok.com\\\/@pretautoquebecofficiel\",\"https:\\\/\\\/ca.pinterest.com\\\/PretAutoQuebec\\\/\"],\"address\":{\"@id\":\"https:\\\/\\\/www.pretautoquebec.ca\\\/produit\\\/2022-ford-edge-sel\\\/#local-main-place-address\"},\"geo\":{\"@type\":\"GeoCoordinates\",\"latitude\":\"46.7678123\",\"longitude\":\"-71.2888076\"},\"telephone\":[\"877-338-8113\"],\"contactPoint\":{\"@type\":\"ContactPoint\",\"telephone\":\"877-338-8113\",\"email\":\"info@www.pretautoquebec.ca\"},\"openingHoursSpecification\":{\"@type\":\"OpeningHoursSpecification\",\"dayOfWeek\":[\"Monday\",\"Tuesday\",\"Wednesday\",\"Thursday\",\"Friday\",\"Saturday\",\"Sunday\"],\"opens\":\"00:00\",\"closes\":\"23:59\"},\"email\":\"info@pretautoquebec.ca\",\"areaServed\":\"Quebec\",\"priceRange\":\"$\",\"currenciesAccepted\":\"CAD\"},{\"@type\":\"PostalAddress\",\"@id\":\"https:\\\/\\\/www.pretautoquebec.ca\\\/produit\\\/2022-ford-edge-sel\\\/#local-main-place-address\",\"streetAddress\":\"2828 Boulevard Laurier\",\"addressLocality\":\"Quebec\",\"postalCode\":\"G1V 2M1\",\"addressRegion\":\"Quebec\",\"addressCountry\":\"CA\"},{\"@type\":\"ImageObject\",\"inLanguage\":\"en-CA\",\"@id\":\"https:\\\/\\\/www.pretautoquebec.ca\\\/produit\\\/2022-ford-edge-sel\\\/#local-main-organization-logo\",\"url\":\"https:\\\/\\\/www.pretautoquebec.ca\\\/wp-content\\\/uploads\\\/2025\\\/02\\\/customcolor_icon_customcolor_background.png\",\"contentUrl\":\"https:\\\/\\\/www.pretautoquebec.ca\\\/wp-content\\\/uploads\\\/2025\\\/02\\\/customcolor_icon_customcolor_background.png\",\"width\":1200,\"height\":867,\"caption\":\"Pr\u00eat Auto Qu\u00e9bec\"}]}<\/script>\n<meta name=\"geo.placename\" content=\"Quebec\" \/>\n<meta name=\"geo.position\" content=\"46.7678123;-71.2888076\" \/>\n<meta name=\"geo.region\" content=\"Canada\" \/>\n<!-- \/ Yoast SEO Premium plugin. -->","yoast_head_json":{"title":"2022 Ford Edge SEL - PR\u00caT AUTO QU\u00c9BEC","robots":{"index":"index","follow":"follow","max-snippet":"max-snippet:-1","max-image-preview":"max-image-preview:large","max-video-preview":"max-video-preview:-1"},"canonical":"https:\/\/www.pretautoquebec.ca\/en\/product\/2022-ford-edge-sel\/","og_locale":"en_US","og_type":"article","og_title":"2022 Ford Edge SEL","og_description":"2022 Ford Edge SEL AWD, traction int\u00e9grale (AWD), moteur de 2.0L 4 cylindres EcoBoost, seulement 42 548km, automatique. Une voiture qui semble luxueuse, mais qui est tr\u00e8s abordable chez nous! Venez vous g\u00e2ter chez NormAuto! Celle-ci est \u00e9quiper de: -\u2026","og_url":"https:\/\/www.pretautoquebec.ca\/en\/product\/2022-ford-edge-sel\/","og_site_name":"PR\u00caT AUTO QU\u00c9BEC","article_publisher":"https:\/\/www.facebook.com\/profile.php?id=100090182529600","article_modified_time":"2026-04-02T15:42:01+00:00","og_image":[{"width":2560,"height":1920,"url":"https:\/\/www.pretautoquebec.ca\/wp-content\/uploads\/2026\/02\/1771536150603-242741488-scaled.jpeg","type":"image\/jpeg"}],"twitter_card":"summary_large_image","twitter_site":"@PretAutoQuebec","twitter_misc":{"Est. reading time":"1 minute"},"schema":{"@context":"https:\/\/schema.org","@graph":[{"@type":"WebPage","@id":"https:\/\/www.pretautoquebec.ca\/produit\/2022-ford-edge-sel\/","url":"https:\/\/www.pretautoquebec.ca\/produit\/2022-ford-edge-sel\/","name":"2022 Ford Edge SEL - PR\u00caT AUTO QU\u00c9BEC","isPartOf":{"@id":"https:\/\/www.pretautoquebec.ca\/#website"},"primaryImageOfPage":{"@id":"https:\/\/www.pretautoquebec.ca\/produit\/2022-ford-edge-sel\/#primaryimage"},"image":{"@id":"https:\/\/www.pretautoquebec.ca\/produit\/2022-ford-edge-sel\/#primaryimage"},"thumbnailUrl":"https:\/\/www.pretautoquebec.ca\/wp-content\/uploads\/2026\/02\/1771536150603-242741488-scaled.jpeg","datePublished":"2026-02-20T17:02:40+00:00","dateModified":"2026-04-02T15:42:01+00:00","breadcrumb":{"@id":"https:\/\/www.pretautoquebec.ca\/produit\/2022-ford-edge-sel\/#breadcrumb"},"inLanguage":"en-CA","potentialAction":[{"@type":"ReadAction","target":["https:\/\/www.pretautoquebec.ca\/produit\/2022-ford-edge-sel\/"]}]},{"@type":"ImageObject","inLanguage":"en-CA","@id":"https:\/\/www.pretautoquebec.ca\/produit\/2022-ford-edge-sel\/#primaryimage","url":"https:\/\/www.pretautoquebec.ca\/wp-content\/uploads\/2026\/02\/1771536150603-242741488-scaled.jpeg","contentUrl":"https:\/\/www.pretautoquebec.ca\/wp-content\/uploads\/2026\/02\/1771536150603-242741488-scaled.jpeg","width":2560,"height":1920},{"@type":"BreadcrumbList","@id":"https:\/\/www.pretautoquebec.ca\/produit\/2022-ford-edge-sel\/#breadcrumb","itemListElement":[{"@type":"ListItem","position":1,"name":"Accueil","item":"https:\/\/www.pretautoquebec.ca\/"},{"@type":"ListItem","position":2,"name":"Inventaire","item":"https:\/\/www.pretautoquebec.ca\/inventaire-page\/"},{"@type":"ListItem","position":3,"name":"2022 Ford Edge SEL"}]},{"@type":"WebSite","@id":"https:\/\/www.pretautoquebec.ca\/#website","url":"https:\/\/www.pretautoquebec.ca\/","name":"Quebec Auto Loan","description":"Specialist in 1st, 2nd, 3rd and 4th chance auto loans. Home auto financing available.","publisher":{"@id":"https:\/\/www.pretautoquebec.ca\/#organization"},"alternateName":"Pr\u00eat Auto \u00c0 Qu\u00e9bec","potentialAction":[{"@type":"SearchAction","target":{"@type":"EntryPoint","urlTemplate":"https:\/\/www.pretautoquebec.ca\/?s={search_term_string}"},"query-input":{"@type":"PropertyValueSpecification","valueRequired":true,"valueName":"search_term_string"}}],"inLanguage":"en-CA"},{"@type":["Organization","Place","FinancialService"],"@id":"https:\/\/www.pretautoquebec.ca\/#organization","name":"Quebec Auto Loan","alternateName":"Pr\u00eat Auto \u00c0 Qu\u00e9bec","url":"https:\/\/www.pretautoquebec.ca\/","logo":{"@id":"https:\/\/www.pretautoquebec.ca\/produit\/2022-ford-edge-sel\/#local-main-organization-logo"},"image":{"@id":"https:\/\/www.pretautoquebec.ca\/produit\/2022-ford-edge-sel\/#local-main-organization-logo"},"sameAs":["https:\/\/www.facebook.com\/profile.php?id=100090182529600","https:\/\/x.com\/PretAutoQuebec","https:\/\/www.instagram.com\/pretautoquebec\/","https:\/\/www.youtube.com\/channel\/UC8a9dOlzqTmZd-wH0r8Wh5g","https:\/\/www.linkedin.com\/in\/pr\u00eat-auto-qu\u00e9bec-bbbb1b265\/","https:\/\/www.tiktok.com\/@pretautoquebecofficiel","https:\/\/ca.pinterest.com\/PretAutoQuebec\/"],"address":{"@id":"https:\/\/www.pretautoquebec.ca\/produit\/2022-ford-edge-sel\/#local-main-place-address"},"geo":{"@type":"GeoCoordinates","latitude":"46.7678123","longitude":"-71.2888076"},"telephone":["877-338-8113"],"contactPoint":{"@type":"ContactPoint","telephone":"877-338-8113","email":"info@www.pretautoquebec.ca"},"openingHoursSpecification":{"@type":"OpeningHoursSpecification","dayOfWeek":["Monday","Tuesday","Wednesday","Thursday","Friday","Saturday","Sunday"],"opens":"00:00","closes":"23:59"},"email":"info@pretautoquebec.ca","areaServed":"Quebec","priceRange":"$","currenciesAccepted":"CAD"},{"@type":"PostalAddress","@id":"https:\/\/www.pretautoquebec.ca\/produit\/2022-ford-edge-sel\/#local-main-place-address","streetAddress":"2828 Boulevard Laurier","addressLocality":"Quebec","postalCode":"G1V 2M1","addressRegion":"Quebec","addressCountry":"CA"},{"@type":"ImageObject","inLanguage":"en-CA","@id":"https:\/\/www.pretautoquebec.ca\/produit\/2022-ford-edge-sel\/#local-main-organization-logo","url":"https:\/\/www.pretautoquebec.ca\/wp-content\/uploads\/2025\/02\/customcolor_icon_customcolor_background.png","contentUrl":"https:\/\/www.pretautoquebec.ca\/wp-content\/uploads\/2025\/02\/customcolor_icon_customcolor_background.png","width":1200,"height":867,"caption":"Pr\u00eat Auto Qu\u00e9bec"}]},"geo.placename":"Quebec","geo.position":{"lat":"46.7678123","long":"-71.2888076"},"geo.region":"Canada"},"_links":{"self":[{"href":"https:\/\/www.pretautoquebec.ca\/en\/wp-json\/wp\/v2\/product\/225054","targetHints":{"allow":["GET"]}}],"collection":[{"href":"https:\/\/www.pretautoquebec.ca\/en\/wp-json\/wp\/v2\/product"}],"about":[{"href":"https:\/\/www.pretautoquebec.ca\/en\/wp-json\/wp\/v2\/types\/product"}],"wp:featuredmedia":[{"embeddable":true,"href":"https:\/\/www.pretautoquebec.ca\/en\/wp-json\/wp\/v2\/media\/225055"}],"wp:attachment":[{"href":"https:\/\/www.pretautoquebec.ca\/en\/wp-json\/wp\/v2\/media?parent=225054"}],"wp:term":[{"taxonomy":"product_brand","embeddable":true,"href":"https:\/\/www.pretautoquebec.ca\/en\/wp-json\/wp\/v2\/product_brand?post=225054"},{"taxonomy":"product_cat","embeddable":true,"href":"https:\/\/www.pretautoquebec.ca\/en\/wp-json\/wp\/v2\/product_cat?post=225054"},{"taxonomy":"product_tag","embeddable":true,"href":"https:\/\/www.pretautoquebec.ca\/en\/wp-json\/wp\/v2\/product_tag?post=225054"}],"curies":[{"name":"wp","href":"https:\/\/api.w.org\/{rel}","templated":true}]}}